{"id":20467,"date":"2021-06-30T20:01:47","date_gmt":"2021-06-30T23:01:47","guid":{"rendered":"https:\/\/wpml.businessindicator.com\/?page_id=20467"},"modified":"2021-07-29T09:38:03","modified_gmt":"2021-07-29T12:38:03","slug":"netz","status":"publish","type":"page","link":"https:\/\/businessindicator.com\/en\/cases\/netz\/","title":{"rendered":"Netz"},"content":{"rendered":"<p>[vc_row][vc_column]\n\t<div class=\"startflow-spacer clearfix\" data-desktop=\"90\" data-mobi=\"60\" data-smobi=\"60\"><\/div><div class=\"startflow-single-heading clearfix \" style=\"margin-bottom:20px;\"><span class=\"inner\"><span class=\"heading clearfix  accent\" style=\"font-size:20px;\">\n\t\tNETZ\n\t<\/span><\/span><\/div><div class=\"startflow-headings clearfix \"  style=\"\"><h2 class=\"heading clearfix \" style=\"margin-bottom:12px;\">\n\t\tVision &amp; Innovation: The Future is now.\n\t<\/h2><p class=\"sub-heading clearfix\" style=\"font-style:normal;font-size:16px;line-height:29px;\">\n\t\tSince 1996, Netz has been growing, diversifying its service portfolio, investing in staff capacitation and continuously optimizing administrative and management processes. Business Indicator contributed to the development of Business Intelligence solutions, such as advanced Reports &amp; Dashboards, optimizing various processes and increasing business efficiency. A Business Indicator contribuiu no desenvolvimento de solu\u00e7\u00f5es de Business Intelligence, tais como avan\u00e7ados Reports &amp; Dashboards, otimizando diversos processos e aumentando a efici\u00eancia do neg\u00f3cio.\n\t<\/p><\/div>\n\t<div class=\"startflow-spacer clearfix\" data-desktop=\"70\" data-mobi=\"40\" data-smobi=\"40\"><\/div>[\/vc_column][\/vc_row][vc_row][vc_column width=&#8221;1\/6&#8243;][\/vc_column][vc_column width=&#8221;2\/3&#8243;]<div class=\"startflow-images-grid clearfix\" data-layout=\"slider\" data-column=\"1\" data-column2=\"1\" data-column3=\"1\" data-column4=\"1\" data-gaph=\"0\" data-gapv=\"0\"><div id=\"images-wrap\" class=\"cbp\"><div class=\"cbp-item\"><div class=\"item-wrap\" style=\"\"><a class=\"zoom-popup cbp-lightbox\" href=\"https:\/\/businessindicator.com\/wp-content\/uploads\/2021\/06\/NETZ_Capa_1-1.png\"><\/a><img decoding=\"async\" src=\"https:\/\/businessindicator.com\/wp-content\/uploads\/2021\/06\/NETZ_Capa_1-1.png\" alt=\"image\" \/><\/div><\/div><\/div><\/div>[\/vc_column][vc_column width=&#8221;1\/6&#8243;][\/vc_column][\/vc_row][vc_row][vc_column]\n\t<div class=\"startflow-spacer clearfix\" data-desktop=\"43\" data-mobi=\"40\" data-smobi=\"40\"><\/div>[vc_row_inner][vc_column_inner]<div class=\"startflow-headings clearfix \" data-font=18 style=\"\"><h2 class=\"heading clearfix \" style=\"margin-bottom:25px;font-size:18px;\">\n\t\tAbout Netz\n\t<\/h2><p class=\"sub-heading clearfix\" style=\"font-style:normal;font-size:17px;line-height:29px;\">\n\t\tNETZ applies innovative and efficient methodologies in all projects, always looking for the best ways to solve mobility challenges, with focus on testing, data acquisition and fleet management.\n\t<\/p><\/div>\n\t<div class=\"startflow-spacer clearfix\" data-desktop=\"42\" data-mobi=\"40\" data-smobi=\"40\"><\/div>\n\t<div class=\"startflow-spacer clearfix\" data-desktop=\"0\" data-mobi=\"40\" data-smobi=\"40\"><\/div>[\/vc_column_inner][\/vc_row_inner][\/vc_column][\/vc_row][vc_row][vc_column width=&#8221;1\/4&#8243;]<div class=\"button-wrap icon-right\" style=\"\" ><a href=\"\/en\/cases\/\" target=\"_self\" class=\"startflow-button btn-1223885028 medium no_icon custom custom outline solid custom\" style=\"border-radius:10px;border-width:1px;\"  data-background=\"#00ddee\" data-text=\"#ffffff\" data-border=\"\" data-text-hover=\"#ffffff\" data-background-hover=\"#000000\">\n\t\t<span style=\"\">Back <\/span>\n\t<\/a><\/div>[\/vc_column][vc_column width=&#8221;3\/4&#8243;][\/vc_column][\/vc_row][vc_row][vc_column]\n\t<div class=\"startflow-spacer clearfix\" data-desktop=\"100\" data-mobi=\"40\" data-smobi=\"40\"><\/div>[\/vc_column][\/vc_row]<\/p>\n","protected":false},"excerpt":{"rendered":"<p>[vc_row][vc_column][\/vc_column][\/vc_row][vc_row][vc_column width=&#8221;1\/6&#8243;][\/vc_column][vc_column width=&#8221;2\/3&#8243;][\/vc_column][vc_column width=&#8221;1\/6&#8243;][\/vc_column][\/vc_row][vc_row][vc_column][vc_row_inner][vc_column_inner][\/vc_column_inner][\/vc_row_inner][\/vc_column][\/vc_row][vc_row][vc_column width=&#8221;1\/4&#8243;][\/vc_column][vc_column width=&#8221;3\/4&#8243;][\/vc_column][\/vc_row][vc_row][vc_column][\/vc_column][\/vc_row]<\/p>\n","protected":false},"author":3,"featured_media":0,"parent":20445,"menu_order":0,"comment_status":"closed","ping_status":"closed","template":"","meta":{"_monsterinsights_skip_tracking":false,"_monsterinsights_sitenote_active":false,"_monsterinsights_sitenote_note":"","_monsterinsights_sitenote_category":0,"footnotes":""},"class_list":["post-20467","page","type-page","status-publish","hentry"],"yoast_head":"<!-- This site is optimized with the Yoast SEO plugin v27.4 - https:\/\/yoast.com\/product\/yoast-seo-wordpress\/ -->\n<title>Netz | BI - Business Indicator<\/title>\n<meta name=\"robots\" content=\"index, follow, max-snippet:-1, max-image-preview:large, max-video-preview:-1\" \/>\n<link rel=\"canonical\" href=\"https:\/\/businessindicator.com\/en\/cases\/netz\/\" \/>\n<meta property=\"og:locale\" content=\"en_US\" \/>\n<meta property=\"og:type\" content=\"article\" \/>\n<meta property=\"og:title\" content=\"Netz | BI - Business Indicator\" \/>\n<meta property=\"og:description\" content=\"[vc_row][vc_column][\/vc_column][\/vc_row][vc_row][vc_column width=&#8221;1\/6&#8243;][\/vc_column][vc_column width=&#8221;2\/3&#8243;][\/vc_column][vc_column width=&#8221;1\/6&#8243;][\/vc_column][\/vc_row][vc_row][vc_column][vc_row_inner][vc_column_inner][\/vc_column_inner][\/vc_row_inner][\/vc_column][\/vc_row][vc_row][vc_column width=&#8221;1\/4&#8243;][\/vc_column][vc_column width=&#8221;3\/4&#8243;][\/vc_column][\/vc_row][vc_row][vc_column][\/vc_column][\/vc_row]\" \/>\n<meta property=\"og:url\" content=\"https:\/\/businessindicator.com\/en\/cases\/netz\/\" \/>\n<meta property=\"og:site_name\" content=\"BI - Business Indicator\" \/>\n<meta property=\"article:publisher\" content=\"https:\/\/www.facebook.com\/Business-Indicator-109073981018616\" \/>\n<meta property=\"article:modified_time\" content=\"2021-07-29T12:38:03+00:00\" \/>\n<meta name=\"twitter:card\" content=\"summary_large_image\" \/>\n<meta name=\"twitter:label1\" content=\"Est. reading time\" \/>\n\t<meta name=\"twitter:data1\" content=\"1 minute\" \/>\n<script type=\"application\/ld+json\" class=\"yoast-schema-graph\">{\"@context\":\"https:\\\/\\\/schema.org\",\"@graph\":[{\"@type\":\"WebPage\",\"@id\":\"https:\\\/\\\/businessindicator.com\\\/en\\\/cases\\\/netz\\\/\",\"url\":\"https:\\\/\\\/businessindicator.com\\\/en\\\/cases\\\/netz\\\/\",\"name\":\"Netz | BI - Business Indicator\",\"isPartOf\":{\"@id\":\"https:\\\/\\\/businessindicator.com\\\/en\\\/#website\"},\"datePublished\":\"2021-06-30T23:01:47+00:00\",\"dateModified\":\"2021-07-29T12:38:03+00:00\",\"breadcrumb\":{\"@id\":\"https:\\\/\\\/businessindicator.com\\\/en\\\/cases\\\/netz\\\/#breadcrumb\"},\"inLanguage\":\"en-US\",\"potentialAction\":[{\"@type\":\"ReadAction\",\"target\":[\"https:\\\/\\\/businessindicator.com\\\/en\\\/cases\\\/netz\\\/\"]}]},{\"@type\":\"BreadcrumbList\",\"@id\":\"https:\\\/\\\/businessindicator.com\\\/en\\\/cases\\\/netz\\\/#breadcrumb\",\"itemListElement\":[{\"@type\":\"ListItem\",\"position\":1,\"name\":\"In\u00edcio\",\"item\":\"https:\\\/\\\/businessindicator.com\\\/en\\\/\"},{\"@type\":\"ListItem\",\"position\":2,\"name\":\"Cases\",\"item\":\"https:\\\/\\\/businessindicator.com\\\/en\\\/cases\\\/\"},{\"@type\":\"ListItem\",\"position\":3,\"name\":\"Netz\"}]},{\"@type\":\"WebSite\",\"@id\":\"https:\\\/\\\/businessindicator.com\\\/en\\\/#website\",\"url\":\"https:\\\/\\\/businessindicator.com\\\/en\\\/\",\"name\":\"BI - Business Indicator\",\"description\":\"S\u00f3 mais um site WordPress\",\"publisher\":{\"@id\":\"https:\\\/\\\/businessindicator.com\\\/en\\\/#organization\"},\"potentialAction\":[{\"@type\":\"SearchAction\",\"target\":{\"@type\":\"EntryPoint\",\"urlTemplate\":\"https:\\\/\\\/businessindicator.com\\\/en\\\/?s={search_term_string}\"},\"query-input\":{\"@type\":\"PropertyValueSpecification\",\"valueRequired\":true,\"valueName\":\"search_term_string\"}}],\"inLanguage\":\"en-US\"},{\"@type\":\"Organization\",\"@id\":\"https:\\\/\\\/businessindicator.com\\\/en\\\/#organization\",\"name\":\"Business Indicator\",\"url\":\"https:\\\/\\\/businessindicator.com\\\/en\\\/\",\"logo\":{\"@type\":\"ImageObject\",\"inLanguage\":\"en-US\",\"@id\":\"https:\\\/\\\/businessindicator.com\\\/en\\\/#\\\/schema\\\/logo\\\/image\\\/\",\"url\":\"https:\\\/\\\/businessindicator.com\\\/wp-content\\\/uploads\\\/2020\\\/12\\\/icone_bi_preto.png\",\"contentUrl\":\"https:\\\/\\\/businessindicator.com\\\/wp-content\\\/uploads\\\/2020\\\/12\\\/icone_bi_preto.png\",\"width\":2205,\"height\":1593,\"caption\":\"Business Indicator\"},\"image\":{\"@id\":\"https:\\\/\\\/businessindicator.com\\\/en\\\/#\\\/schema\\\/logo\\\/image\\\/\"},\"sameAs\":[\"https:\\\/\\\/www.facebook.com\\\/Business-Indicator-109073981018616\",\"https:\\\/\\\/www.instagram.com\\\/businessindicator_bi\\\/\",\"https:\\\/\\\/www.linkedin.com\\\/company\\\/business-indicator\\\/\",\"https:\\\/\\\/www.youtube.com\\\/channel\\\/UCyHA-GrB0IAg-88Bw0J1X7g\"]}]}<\/script>\n<!-- \/ Yoast SEO plugin. -->","yoast_head_json":{"title":"Netz | BI - Business Indicator","robots":{"index":"index","follow":"follow","max-snippet":"max-snippet:-1","max-image-preview":"max-image-preview:large","max-video-preview":"max-video-preview:-1"},"canonical":"https:\/\/businessindicator.com\/en\/cases\/netz\/","og_locale":"en_US","og_type":"article","og_title":"Netz | BI - Business Indicator","og_description":"[vc_row][vc_column][\/vc_column][\/vc_row][vc_row][vc_column width=&#8221;1\/6&#8243;][\/vc_column][vc_column width=&#8221;2\/3&#8243;][\/vc_column][vc_column width=&#8221;1\/6&#8243;][\/vc_column][\/vc_row][vc_row][vc_column][vc_row_inner][vc_column_inner][\/vc_column_inner][\/vc_row_inner][\/vc_column][\/vc_row][vc_row][vc_column width=&#8221;1\/4&#8243;][\/vc_column][vc_column width=&#8221;3\/4&#8243;][\/vc_column][\/vc_row][vc_row][vc_column][\/vc_column][\/vc_row]","og_url":"https:\/\/businessindicator.com\/en\/cases\/netz\/","og_site_name":"BI - Business Indicator","article_publisher":"https:\/\/www.facebook.com\/Business-Indicator-109073981018616","article_modified_time":"2021-07-29T12:38:03+00:00","twitter_card":"summary_large_image","twitter_misc":{"Est. reading time":"1 minute"},"schema":{"@context":"https:\/\/schema.org","@graph":[{"@type":"WebPage","@id":"https:\/\/businessindicator.com\/en\/cases\/netz\/","url":"https:\/\/businessindicator.com\/en\/cases\/netz\/","name":"Netz | BI - Business Indicator","isPartOf":{"@id":"https:\/\/businessindicator.com\/en\/#website"},"datePublished":"2021-06-30T23:01:47+00:00","dateModified":"2021-07-29T12:38:03+00:00","breadcrumb":{"@id":"https:\/\/businessindicator.com\/en\/cases\/netz\/#breadcrumb"},"inLanguage":"en-US","potentialAction":[{"@type":"ReadAction","target":["https:\/\/businessindicator.com\/en\/cases\/netz\/"]}]},{"@type":"BreadcrumbList","@id":"https:\/\/businessindicator.com\/en\/cases\/netz\/#breadcrumb","itemListElement":[{"@type":"ListItem","position":1,"name":"In\u00edcio","item":"https:\/\/businessindicator.com\/en\/"},{"@type":"ListItem","position":2,"name":"Cases","item":"https:\/\/businessindicator.com\/en\/cases\/"},{"@type":"ListItem","position":3,"name":"Netz"}]},{"@type":"WebSite","@id":"https:\/\/businessindicator.com\/en\/#website","url":"https:\/\/businessindicator.com\/en\/","name":"BI - Business Indicator","description":"S\u00f3 mais um site WordPress","publisher":{"@id":"https:\/\/businessindicator.com\/en\/#organization"},"potentialAction":[{"@type":"SearchAction","target":{"@type":"EntryPoint","urlTemplate":"https:\/\/businessindicator.com\/en\/?s={search_term_string}"},"query-input":{"@type":"PropertyValueSpecification","valueRequired":true,"valueName":"search_term_string"}}],"inLanguage":"en-US"},{"@type":"Organization","@id":"https:\/\/businessindicator.com\/en\/#organization","name":"Business Indicator","url":"https:\/\/businessindicator.com\/en\/","logo":{"@type":"ImageObject","inLanguage":"en-US","@id":"https:\/\/businessindicator.com\/en\/#\/schema\/logo\/image\/","url":"https:\/\/businessindicator.com\/wp-content\/uploads\/2020\/12\/icone_bi_preto.png","contentUrl":"https:\/\/businessindicator.com\/wp-content\/uploads\/2020\/12\/icone_bi_preto.png","width":2205,"height":1593,"caption":"Business Indicator"},"image":{"@id":"https:\/\/businessindicator.com\/en\/#\/schema\/logo\/image\/"},"sameAs":["https:\/\/www.facebook.com\/Business-Indicator-109073981018616","https:\/\/www.instagram.com\/businessindicator_bi\/","https:\/\/www.linkedin.com\/company\/business-indicator\/","https:\/\/www.youtube.com\/channel\/UCyHA-GrB0IAg-88Bw0J1X7g"]}]}},"_links":{"self":[{"href":"https:\/\/businessindicator.com\/en\/wp-json\/wp\/v2\/pages\/20467","targetHints":{"allow":["GET"]}}],"collection":[{"href":"https:\/\/businessindicator.com\/en\/wp-json\/wp\/v2\/pages"}],"about":[{"href":"https:\/\/businessindicator.com\/en\/wp-json\/wp\/v2\/types\/page"}],"author":[{"embeddable":true,"href":"https:\/\/businessindicator.com\/en\/wp-json\/wp\/v2\/users\/3"}],"replies":[{"embeddable":true,"href":"https:\/\/businessindicator.com\/en\/wp-json\/wp\/v2\/comments?post=20467"}],"version-history":[{"count":7,"href":"https:\/\/businessindicator.com\/en\/wp-json\/wp\/v2\/pages\/20467\/revisions"}],"predecessor-version":[{"id":21295,"href":"https:\/\/businessindicator.com\/en\/wp-json\/wp\/v2\/pages\/20467\/revisions\/21295"}],"up":[{"embeddable":true,"href":"https:\/\/businessindicator.com\/en\/wp-json\/wp\/v2\/pages\/20445"}],"wp:attachment":[{"href":"https:\/\/businessindicator.com\/en\/wp-json\/wp\/v2\/media?parent=20467"}],"curies":[{"name":"wp","href":"https:\/\/api.w.org\/{rel}","templated":true}]}}