{"id":20404,"date":"2021-06-29T18:37:22","date_gmt":"2021-06-29T21:37:22","guid":{"rendered":"https:\/\/wpml.businessindicator.com\/?page_id=20404"},"modified":"2021-07-23T12:05:08","modified_gmt":"2021-07-23T15:05:08","slug":"schedule-demo","status":"publish","type":"page","link":"https:\/\/businessindicator.com\/en\/schedule-demo\/","title":{"rendered":"Schedule Demo"},"content":{"rendered":"<p>[vc_row disable_element=&#8221;yes&#8221; css=&#8221;.vc_custom_1611612014510{background-color: #ffffff !important;}&#8221;][vc_column]\n\t<div class=\"startflow-spacer clearfix\" data-desktop=\"90\" data-mobi=\"60\" data-smobi=\"60\"><\/div><div class=\"startflow-headings clearfix text-center\"  style=\"\"><h1 class=\"heading clearfix \" style=\"margin-bottom:12px;\">\n\t\tAcesse suas informa\u00e7\u00f5es com agilidade e seguran\u00e7a e tome as decis\u00f5es certas para maximizar os resultados do seu neg\u00f3cio!\n\t<\/h1><\/div>[\/vc_column][\/vc_row][vc_row css=&#8221;.vc_custom_1603141000421{background-color: #ffffff !important;}&#8221;][vc_column][vc_raw_html]JTNDJTIxLS0lMjBXaWRnZXQlMjBlbSUyMGxpbmhhJTIwZG8lMjBDYWxlbmRseSUyMC0lMjBpbiVDMyVBRGNpbyUyMC0tJTNFJTBBJTNDZGl2JTIwY2xhc3MlM0QlMjJjYWxlbmRseS1pbmxpbmUtd2lkZ2V0JTIyJTIwZGF0YS11cmwlM0QlMjJodHRwcyUzQSUyRiUyRmNhbGVuZGx5LmNvbSUyRmJ1c2luZXNzX2luZGljYXRvciUyRmVuJTNGYmFja2dyb3VuZF9jb2xvciUzRGZmZmZmZiUyNnByaW1hcnlfY29sb3IlM0QwMGRkZWUlMjIlMjBzdHlsZSUzRCUyMm1pbi13aWR0aCUzQTMyMHB4JTNCaGVpZ2h0JTNBNjYwcHglM0IlMjIlM0UlM0MlMkZkaXYlM0UlMEElM0NzY3JpcHQlMjB0eXBlJTNEJTIydGV4dCUyRmphdmFzY3JpcHQlMjIlMjBzcmMlM0QlMjJodHRwcyUzQSUyRiUyRmFzc2V0cy5jYWxlbmRseS5jb20lMkZhc3NldHMlMkZleHRlcm5hbCUyRndpZGdldC5qcyUyMiUyMGFzeW5jJTNFJTNDJTJGc2NyaXB0JTNFJTBBJTNDJTIxLS0lMjBXaWRnZXQlMjBlbSUyMGxpbmhhJTIwZG8lMjBDYWxlbmRseSUyMC0lMjBmaW0lMjAtLSUzRQ==[\/vc_raw_html]\n\t<div class=\"startflow-spacer clearfix\" data-desktop=\"40\" data-mobi=\"40\" data-smobi=\"40\"><\/div>[\/vc_column][\/vc_row]<\/p>\n","protected":false},"excerpt":{"rendered":"<p>[vc_row disable_element=&#8221;yes&#8221; css=&#8221;.vc_custom_1611612014510{background-color: #ffffff !important;}&#8221;][vc_column][\/vc_column][\/vc_row][vc_row css=&#8221;.vc_custom_1603141000421{background-color: #ffffff !important;}&#8221;][vc_column][vc_raw_html]JTNDJTIxLS0lMjBXaWRnZXQlMjBlbSUyMGxpbmhhJTIwZG8lMjBDYWxlbmRseSUyMC0lMjBpbiVDMyVBRGNpbyUyMC0tJTNFJTBBJTNDZGl2JTIwY2xhc3MlM0QlMjJjYWxlbmRseS1pbmxpbmUtd2lkZ2V0JTIyJTIwZGF0YS11cmwlM0QlMjJodHRwcyUzQSUyRiUyRmNhbGVuZGx5LmNvbSUyRmJ1c2luZXNzX2luZGljYXRvciUyRmVuJTNGYmFja2dyb3VuZF9jb2xvciUzRGZmZmZmZiUyNnByaW1hcnlfY29sb3IlM0QwMGRkZWUlMjIlMjBzdHlsZSUzRCUyMm1pbi13aWR0aCUzQTMyMHB4JTNCaGVpZ2h0JTNBNjYwcHglM0IlMjIlM0UlM0MlMkZkaXYlM0UlMEElM0NzY3JpcHQlMjB0eXBlJTNEJTIydGV4dCUyRmphdmFzY3JpcHQlMjIlMjBzcmMlM0QlMjJodHRwcyUzQSUyRiUyRmFzc2V0cy5jYWxlbmRseS5jb20lMkZhc3NldHMlMkZleHRlcm5hbCUyRndpZGdldC5qcyUyMiUyMGFzeW5jJTNFJTNDJTJGc2NyaXB0JTNFJTBBJTNDJTIxLS0lMjBXaWRnZXQlMjBlbSUyMGxpbmhhJTIwZG8lMjBDYWxlbmRseSUyMC0lMjBmaW0lMjAtLSUzRQ==[\/vc_raw_html][\/vc_column][\/vc_row]<\/p>\n","protected":false},"author":3,"featured_media":0,"parent":0,"menu_order":0,"comment_status":"closed","ping_status":"closed","template":"","meta":{"_monsterinsights_skip_tracking":false,"_monsterinsights_sitenote_active":false,"_monsterinsights_sitenote_note":"","_monsterinsights_sitenote_category":0,"footnotes":""},"class_list":["post-20404","page","type-page","status-publish","hentry"],"yoast_head":"<!-- This site is optimized with the Yoast SEO plugin v27.4 - https:\/\/yoast.com\/product\/yoast-seo-wordpress\/ -->\n<title>Schedule Demo | BI - Business Indicator<\/title>\n<meta name=\"robots\" content=\"index, follow, max-snippet:-1, max-image-preview:large, max-video-preview:-1\" \/>\n<link rel=\"canonical\" href=\"https:\/\/businessindicator.com\/en\/schedule-demo\/\" \/>\n<meta property=\"og:locale\" content=\"en_US\" \/>\n<meta property=\"og:type\" content=\"article\" \/>\n<meta property=\"og:title\" content=\"Schedule Demo | BI - Business Indicator\" \/>\n<meta property=\"og:description\" content=\"[vc_row disable_element=&#8221;yes&#8221; css=&#8221;.vc_custom_1611612014510{background-color: #ffffff !important;}&#8221;][vc_column][\/vc_column][\/vc_row][vc_row css=&#8221;.vc_custom_1603141000421{background-color: #ffffff !important;}&#8221;][vc_column][vc_raw_html]JTNDJTIxLS0lMjBXaWRnZXQlMjBlbSUyMGxpbmhhJTIwZG8lMjBDYWxlbmRseSUyMC0lMjBpbiVDMyVBRGNpbyUyMC0tJTNFJTBBJTNDZGl2JTIwY2xhc3MlM0QlMjJjYWxlbmRseS1pbmxpbmUtd2lkZ2V0JTIyJTIwZGF0YS11cmwlM0QlMjJodHRwcyUzQSUyRiUyRmNhbGVuZGx5LmNvbSUyRmJ1c2luZXNzX2luZGljYXRvciUyRmVuJTNGYmFja2dyb3VuZF9jb2xvciUzRGZmZmZmZiUyNnByaW1hcnlfY29sb3IlM0QwMGRkZWUlMjIlMjBzdHlsZSUzRCUyMm1pbi13aWR0aCUzQTMyMHB4JTNCaGVpZ2h0JTNBNjYwcHglM0IlMjIlM0UlM0MlMkZkaXYlM0UlMEElM0NzY3JpcHQlMjB0eXBlJTNEJTIydGV4dCUyRmphdmFzY3JpcHQlMjIlMjBzcmMlM0QlMjJodHRwcyUzQSUyRiUyRmFzc2V0cy5jYWxlbmRseS5jb20lMkZhc3NldHMlMkZleHRlcm5hbCUyRndpZGdldC5qcyUyMiUyMGFzeW5jJTNFJTNDJTJGc2NyaXB0JTNFJTBBJTNDJTIxLS0lMjBXaWRnZXQlMjBlbSUyMGxpbmhhJTIwZG8lMjBDYWxlbmRseSUyMC0lMjBmaW0lMjAtLSUzRQ==[\/vc_raw_html][\/vc_column][\/vc_row]\" \/>\n<meta property=\"og:url\" content=\"https:\/\/businessindicator.com\/en\/schedule-demo\/\" \/>\n<meta property=\"og:site_name\" content=\"BI - Business Indicator\" \/>\n<meta property=\"article:publisher\" content=\"https:\/\/www.facebook.com\/Business-Indicator-109073981018616\" \/>\n<meta property=\"article:modified_time\" content=\"2021-07-23T15:05:08+00:00\" \/>\n<meta name=\"twitter:card\" content=\"summary_large_image\" \/>\n<meta name=\"twitter:label1\" content=\"Est. reading time\" \/>\n\t<meta name=\"twitter:data1\" content=\"1 minute\" \/>\n<script type=\"application\/ld+json\" class=\"yoast-schema-graph\">{\"@context\":\"https:\\\/\\\/schema.org\",\"@graph\":[{\"@type\":\"WebPage\",\"@id\":\"https:\\\/\\\/businessindicator.com\\\/en\\\/schedule-demo\\\/\",\"url\":\"https:\\\/\\\/businessindicator.com\\\/en\\\/schedule-demo\\\/\",\"name\":\"Schedule Demo | BI - Business Indicator\",\"isPartOf\":{\"@id\":\"https:\\\/\\\/businessindicator.com\\\/en\\\/#website\"},\"datePublished\":\"2021-06-29T21:37:22+00:00\",\"dateModified\":\"2021-07-23T15:05:08+00:00\",\"breadcrumb\":{\"@id\":\"https:\\\/\\\/businessindicator.com\\\/en\\\/schedule-demo\\\/#breadcrumb\"},\"inLanguage\":\"en-US\",\"potentialAction\":[{\"@type\":\"ReadAction\",\"target\":[\"https:\\\/\\\/businessindicator.com\\\/en\\\/schedule-demo\\\/\"]}]},{\"@type\":\"BreadcrumbList\",\"@id\":\"https:\\\/\\\/businessindicator.com\\\/en\\\/schedule-demo\\\/#breadcrumb\",\"itemListElement\":[{\"@type\":\"ListItem\",\"position\":1,\"name\":\"In\u00edcio\",\"item\":\"https:\\\/\\\/businessindicator.com\\\/en\\\/\"},{\"@type\":\"ListItem\",\"position\":2,\"name\":\"Schedule Demo\"}]},{\"@type\":\"WebSite\",\"@id\":\"https:\\\/\\\/businessindicator.com\\\/en\\\/#website\",\"url\":\"https:\\\/\\\/businessindicator.com\\\/en\\\/\",\"name\":\"BI - Business Indicator\",\"description\":\"S\u00f3 mais um site WordPress\",\"publisher\":{\"@id\":\"https:\\\/\\\/businessindicator.com\\\/en\\\/#organization\"},\"potentialAction\":[{\"@type\":\"SearchAction\",\"target\":{\"@type\":\"EntryPoint\",\"urlTemplate\":\"https:\\\/\\\/businessindicator.com\\\/en\\\/?s={search_term_string}\"},\"query-input\":{\"@type\":\"PropertyValueSpecification\",\"valueRequired\":true,\"valueName\":\"search_term_string\"}}],\"inLanguage\":\"en-US\"},{\"@type\":\"Organization\",\"@id\":\"https:\\\/\\\/businessindicator.com\\\/en\\\/#organization\",\"name\":\"Business Indicator\",\"url\":\"https:\\\/\\\/businessindicator.com\\\/en\\\/\",\"logo\":{\"@type\":\"ImageObject\",\"inLanguage\":\"en-US\",\"@id\":\"https:\\\/\\\/businessindicator.com\\\/en\\\/#\\\/schema\\\/logo\\\/image\\\/\",\"url\":\"https:\\\/\\\/businessindicator.com\\\/wp-content\\\/uploads\\\/2020\\\/12\\\/icone_bi_preto.png\",\"contentUrl\":\"https:\\\/\\\/businessindicator.com\\\/wp-content\\\/uploads\\\/2020\\\/12\\\/icone_bi_preto.png\",\"width\":2205,\"height\":1593,\"caption\":\"Business Indicator\"},\"image\":{\"@id\":\"https:\\\/\\\/businessindicator.com\\\/en\\\/#\\\/schema\\\/logo\\\/image\\\/\"},\"sameAs\":[\"https:\\\/\\\/www.facebook.com\\\/Business-Indicator-109073981018616\",\"https:\\\/\\\/www.instagram.com\\\/businessindicator_bi\\\/\",\"https:\\\/\\\/www.linkedin.com\\\/company\\\/business-indicator\\\/\",\"https:\\\/\\\/www.youtube.com\\\/channel\\\/UCyHA-GrB0IAg-88Bw0J1X7g\"]}]}<\/script>\n<!-- \/ Yoast SEO plugin. -->","yoast_head_json":{"title":"Schedule Demo | BI - Business Indicator","robots":{"index":"index","follow":"follow","max-snippet":"max-snippet:-1","max-image-preview":"max-image-preview:large","max-video-preview":"max-video-preview:-1"},"canonical":"https:\/\/businessindicator.com\/en\/schedule-demo\/","og_locale":"en_US","og_type":"article","og_title":"Schedule Demo | BI - Business Indicator","og_description":"[vc_row disable_element=&#8221;yes&#8221; css=&#8221;.vc_custom_1611612014510{background-color: #ffffff !important;}&#8221;][vc_column][\/vc_column][\/vc_row][vc_row css=&#8221;.vc_custom_1603141000421{background-color: #ffffff !important;}&#8221;][vc_column][vc_raw_html]JTNDJTIxLS0lMjBXaWRnZXQlMjBlbSUyMGxpbmhhJTIwZG8lMjBDYWxlbmRseSUyMC0lMjBpbiVDMyVBRGNpbyUyMC0tJTNFJTBBJTNDZGl2JTIwY2xhc3MlM0QlMjJjYWxlbmRseS1pbmxpbmUtd2lkZ2V0JTIyJTIwZGF0YS11cmwlM0QlMjJodHRwcyUzQSUyRiUyRmNhbGVuZGx5LmNvbSUyRmJ1c2luZXNzX2luZGljYXRvciUyRmVuJTNGYmFja2dyb3VuZF9jb2xvciUzRGZmZmZmZiUyNnByaW1hcnlfY29sb3IlM0QwMGRkZWUlMjIlMjBzdHlsZSUzRCUyMm1pbi13aWR0aCUzQTMyMHB4JTNCaGVpZ2h0JTNBNjYwcHglM0IlMjIlM0UlM0MlMkZkaXYlM0UlMEElM0NzY3JpcHQlMjB0eXBlJTNEJTIydGV4dCUyRmphdmFzY3JpcHQlMjIlMjBzcmMlM0QlMjJodHRwcyUzQSUyRiUyRmFzc2V0cy5jYWxlbmRseS5jb20lMkZhc3NldHMlMkZleHRlcm5hbCUyRndpZGdldC5qcyUyMiUyMGFzeW5jJTNFJTNDJTJGc2NyaXB0JTNFJTBBJTNDJTIxLS0lMjBXaWRnZXQlMjBlbSUyMGxpbmhhJTIwZG8lMjBDYWxlbmRseSUyMC0lMjBmaW0lMjAtLSUzRQ==[\/vc_raw_html][\/vc_column][\/vc_row]","og_url":"https:\/\/businessindicator.com\/en\/schedule-demo\/","og_site_name":"BI - Business Indicator","article_publisher":"https:\/\/www.facebook.com\/Business-Indicator-109073981018616","article_modified_time":"2021-07-23T15:05:08+00:00","twitter_card":"summary_large_image","twitter_misc":{"Est. reading time":"1 minute"},"schema":{"@context":"https:\/\/schema.org","@graph":[{"@type":"WebPage","@id":"https:\/\/businessindicator.com\/en\/schedule-demo\/","url":"https:\/\/businessindicator.com\/en\/schedule-demo\/","name":"Schedule Demo | BI - Business Indicator","isPartOf":{"@id":"https:\/\/businessindicator.com\/en\/#website"},"datePublished":"2021-06-29T21:37:22+00:00","dateModified":"2021-07-23T15:05:08+00:00","breadcrumb":{"@id":"https:\/\/businessindicator.com\/en\/schedule-demo\/#breadcrumb"},"inLanguage":"en-US","potentialAction":[{"@type":"ReadAction","target":["https:\/\/businessindicator.com\/en\/schedule-demo\/"]}]},{"@type":"BreadcrumbList","@id":"https:\/\/businessindicator.com\/en\/schedule-demo\/#breadcrumb","itemListElement":[{"@type":"ListItem","position":1,"name":"In\u00edcio","item":"https:\/\/businessindicator.com\/en\/"},{"@type":"ListItem","position":2,"name":"Schedule Demo"}]},{"@type":"WebSite","@id":"https:\/\/businessindicator.com\/en\/#website","url":"https:\/\/businessindicator.com\/en\/","name":"BI - Business Indicator","description":"S\u00f3 mais um site WordPress","publisher":{"@id":"https:\/\/businessindicator.com\/en\/#organization"},"potentialAction":[{"@type":"SearchAction","target":{"@type":"EntryPoint","urlTemplate":"https:\/\/businessindicator.com\/en\/?s={search_term_string}"},"query-input":{"@type":"PropertyValueSpecification","valueRequired":true,"valueName":"search_term_string"}}],"inLanguage":"en-US"},{"@type":"Organization","@id":"https:\/\/businessindicator.com\/en\/#organization","name":"Business Indicator","url":"https:\/\/businessindicator.com\/en\/","logo":{"@type":"ImageObject","inLanguage":"en-US","@id":"https:\/\/businessindicator.com\/en\/#\/schema\/logo\/image\/","url":"https:\/\/businessindicator.com\/wp-content\/uploads\/2020\/12\/icone_bi_preto.png","contentUrl":"https:\/\/businessindicator.com\/wp-content\/uploads\/2020\/12\/icone_bi_preto.png","width":2205,"height":1593,"caption":"Business Indicator"},"image":{"@id":"https:\/\/businessindicator.com\/en\/#\/schema\/logo\/image\/"},"sameAs":["https:\/\/www.facebook.com\/Business-Indicator-109073981018616","https:\/\/www.instagram.com\/businessindicator_bi\/","https:\/\/www.linkedin.com\/company\/business-indicator\/","https:\/\/www.youtube.com\/channel\/UCyHA-GrB0IAg-88Bw0J1X7g"]}]}},"_links":{"self":[{"href":"https:\/\/businessindicator.com\/en\/wp-json\/wp\/v2\/pages\/20404","targetHints":{"allow":["GET"]}}],"collection":[{"href":"https:\/\/businessindicator.com\/en\/wp-json\/wp\/v2\/pages"}],"about":[{"href":"https:\/\/businessindicator.com\/en\/wp-json\/wp\/v2\/types\/page"}],"author":[{"embeddable":true,"href":"https:\/\/businessindicator.com\/en\/wp-json\/wp\/v2\/users\/3"}],"replies":[{"embeddable":true,"href":"https:\/\/businessindicator.com\/en\/wp-json\/wp\/v2\/comments?post=20404"}],"version-history":[{"count":6,"href":"https:\/\/businessindicator.com\/en\/wp-json\/wp\/v2\/pages\/20404\/revisions"}],"predecessor-version":[{"id":20457,"href":"https:\/\/businessindicator.com\/en\/wp-json\/wp\/v2\/pages\/20404\/revisions\/20457"}],"wp:attachment":[{"href":"https:\/\/businessindicator.com\/en\/wp-json\/wp\/v2\/media?parent=20404"}],"curies":[{"name":"wp","href":"https:\/\/api.w.org\/{rel}","templated":true}]}}